{"id":156,"date":"2020-11-11T15:42:18","date_gmt":"2020-11-11T15:42:18","guid":{"rendered":"https:\/\/apm-mallorca.local\/?page_id=156"},"modified":"2025-01-31T14:22:25","modified_gmt":"2025-01-31T14:22:25","slug":"unternehmen","status":"publish","type":"page","link":"https:\/\/apm-mallorca.com\/de\/unternehmen\/","title":{"rendered":"Unternehmen"},"content":{"rendered":"\n<div class=\"wp-block-media-text alignwide is-stacked-on-mobile is-image-fill-element fullw my-0-i\"><figure class=\"wp-block-media-text__media\"><img loading=\"lazy\" decoding=\"async\" width=\"1920\" height=\"1282\" src=\"https:\/\/apm-mallorca.com\/wp-content\/uploads\/APM_Goya_Lifestyle2023_DSC_5157-1920x1282.jpg\" alt=\"\" class=\"wp-image-5933 size-full\" style=\"object-position:50% 50%\" srcset=\"https:\/\/apm-mallorca.com\/wp-content\/uploads\/APM_Goya_Lifestyle2023_DSC_5157-1920x1282.jpg 1920w, https:\/\/apm-mallorca.com\/wp-content\/uploads\/APM_Goya_Lifestyle2023_DSC_5157-768x513.jpg 768w, https:\/\/apm-mallorca.com\/wp-content\/uploads\/APM_Goya_Lifestyle2023_DSC_5157-1536x1025.jpg 1536w, https:\/\/apm-mallorca.com\/wp-content\/uploads\/APM_Goya_Lifestyle2023_DSC_5157-2048x1367.jpg 2048w, https:\/\/apm-mallorca.com\/wp-content\/uploads\/APM_Goya_Lifestyle2023_DSC_5157-500x334.jpg 500w, https:\/\/apm-mallorca.com\/wp-content\/uploads\/APM_Goya_Lifestyle2023_DSC_5157-1024x683.jpg 1024w\" sizes=\"auto, (max-width: 1920px) 100vw, 1920px\" \/><\/figure><div class=\"wp-block-media-text__content\">\n<div style=\"height:80px\" aria-hidden=\"true\" class=\"wp-block-spacer\"><\/div>\n\n\n\n<h2 class=\"wp-block-heading\">\u00dcber uns<\/h2>\n\n\n\n<div style=\"height:10px\" aria-hidden=\"true\" class=\"wp-block-spacer\"><\/div>\n\n\n\n<p>APM steht f\u00fcr moderne, individuelle Wohnideen kombiniert mit mediterranem Charme. Das Unternehmen hat sich zum Ziel gesetzt, mit modernster Technik und qualitativ hochwertigen Materialien keine W\u00fcnsche offen zu lassen und dennoch eine harmonische Wohnatmosph\u00e4re zu schaffen, in der sich der Kunde wohlf\u00fchlt.<\/p>\n\n\n\n<div class=\"wp-block-buttons is-horizontal is-content-justification-center is-layout-flex wp-container-core-buttons-is-layout-499968f5 wp-block-buttons-is-layout-flex\">\n<div class=\"wp-block-button\"><a class=\"wp-block-button__link wp-element-button\" href=\"https:\/\/apm-mallorca.com\/de\/unternehmen\/ueber-uns\/\">mehr \u00fcber uns<\/a><\/div>\n<\/div>\n\n\n\n<div style=\"height:80px\" aria-hidden=\"true\" class=\"wp-block-spacer\"><\/div>\n<\/div><\/div>\n\n\n\n<div class=\"wp-block-group fullw my-0-i has-weiss-background-color has-background\"><div class=\"wp-block-group__inner-container is-layout-flow wp-block-group-is-layout-flow\">\n<div style=\"height:80px\" aria-hidden=\"true\" class=\"wp-block-spacer\"><\/div>\n\n\n\n<h2 class=\"wp-block-heading\">Team<\/h2>\n\n\n\n<h6 class=\"wp-block-heading\">Wir sind f\u00fcr Sie da!<\/h6>\n\n\n\n<p><\/p>\n\n\n<div class=\"m-team m-team--wrapper\"><div class=\"m-team--member\"><div class=\"m-team--member-img ratio--1-1\"><img loading=\"lazy\" decoding=\"async\" width=\"513\" height=\"768\" src=\"https:\/\/apm-mallorca.com\/wp-content\/uploads\/APM_Team2024_6351-scaled-e1751353932711-513x768.jpg\" class=\"rapm-portrait wp-post-image\" alt=\"\" srcset=\"https:\/\/apm-mallorca.com\/wp-content\/uploads\/APM_Team2024_6351-scaled-e1751353932711-513x768.jpg 513w, https:\/\/apm-mallorca.com\/wp-content\/uploads\/APM_Team2024_6351-scaled-e1751353932711-1283x1920.jpg 1283w, https:\/\/apm-mallorca.com\/wp-content\/uploads\/APM_Team2024_6351-scaled-e1751353932711-768x1150.jpg 768w, https:\/\/apm-mallorca.com\/wp-content\/uploads\/APM_Team2024_6351-scaled-e1751353932711-1026x1536.jpg 1026w, https:\/\/apm-mallorca.com\/wp-content\/uploads\/APM_Team2024_6351-scaled-e1751353932711-1368x2048.jpg 1368w, https:\/\/apm-mallorca.com\/wp-content\/uploads\/APM_Team2024_6351-scaled-e1751353932711-334x500.jpg 334w, https:\/\/apm-mallorca.com\/wp-content\/uploads\/APM_Team2024_6351-scaled-e1751353932711-684x1024.jpg 684w, https:\/\/apm-mallorca.com\/wp-content\/uploads\/APM_Team2024_6351-scaled-e1751353932711.jpg 1425w\" sizes=\"auto, (max-width: 513px) 100vw, 513px\" \/><\/div><div class=\"m-team--member-data\"><span class=\"name\"><a href=\"mailto:jl@apm-design.es\" title=\"Nachricht an Jazmin L\u00f3pez Becker\">Jazmin L\u00f3pez Becker<\/a><\/br><span class=\"title\">Innenarchitektin<\/span><\/span><\/div><\/div><div class=\"m-team--member lg\"><div class=\"m-team--member-img ratio--1-1\"><img loading=\"lazy\" decoding=\"async\" width=\"555\" height=\"768\" src=\"https:\/\/apm-mallorca.com\/wp-content\/uploads\/APM_Team2024_2822-555x768.jpg\" class=\"rapm-portrait wp-post-image\" alt=\"\" srcset=\"https:\/\/apm-mallorca.com\/wp-content\/uploads\/APM_Team2024_2822-555x768.jpg 555w, https:\/\/apm-mallorca.com\/wp-content\/uploads\/APM_Team2024_2822-1388x1920.jpg 1388w, https:\/\/apm-mallorca.com\/wp-content\/uploads\/APM_Team2024_2822-768x1062.jpg 768w, https:\/\/apm-mallorca.com\/wp-content\/uploads\/APM_Team2024_2822-1110x1536.jpg 1110w, https:\/\/apm-mallorca.com\/wp-content\/uploads\/APM_Team2024_2822-1480x2048.jpg 1480w, https:\/\/apm-mallorca.com\/wp-content\/uploads\/APM_Team2024_2822-361x500.jpg 361w, https:\/\/apm-mallorca.com\/wp-content\/uploads\/APM_Team2024_2822-740x1024.jpg 740w, https:\/\/apm-mallorca.com\/wp-content\/uploads\/APM_Team2024_2822-scaled.jpg 1851w\" sizes=\"auto, (max-width: 555px) 100vw, 555px\" \/><\/div><div class=\"m-team--member-data\"><span class=\"name\"><a href=\"mailto:rj@apm-mallorca.com\" title=\"Nachricht an Ricardo Juli\u00e1 Barcel\u00f3\">Ricardo Juli\u00e1 Barcel\u00f3<\/a><\/br><span class=\"title\">Elektroingenieur<\/span><\/span><\/div><\/div><div class=\"m-team--member\"><div class=\"m-team--member-img ratio--1-1\"><img loading=\"lazy\" decoding=\"async\" width=\"635\" height=\"768\" src=\"https:\/\/apm-mallorca.com\/wp-content\/uploads\/APM_Team2024_5703-1-635x768.jpg\" class=\"rapm-portrait wp-post-image\" alt=\"\" srcset=\"https:\/\/apm-mallorca.com\/wp-content\/uploads\/APM_Team2024_5703-1-635x768.jpg 635w, https:\/\/apm-mallorca.com\/wp-content\/uploads\/APM_Team2024_5703-1-1586x1920.jpg 1586w, https:\/\/apm-mallorca.com\/wp-content\/uploads\/APM_Team2024_5703-1-768x929.jpg 768w, https:\/\/apm-mallorca.com\/wp-content\/uploads\/APM_Team2024_5703-1-1269x1536.jpg 1269w, https:\/\/apm-mallorca.com\/wp-content\/uploads\/APM_Team2024_5703-1-1692x2048.jpg 1692w, https:\/\/apm-mallorca.com\/wp-content\/uploads\/APM_Team2024_5703-1-413x500.jpg 413w, https:\/\/apm-mallorca.com\/wp-content\/uploads\/APM_Team2024_5703-1-846x1024.jpg 846w\" sizes=\"auto, (max-width: 635px) 100vw, 635px\" \/><\/div><div class=\"m-team--member-data\"><span class=\"name\"><a href=\"mailto:ch@apm-mallorca.com\" title=\"Nachricht an Christine Heider\">Christine Heider<\/a><\/br><span class=\"title\">Partnerin<\/span><\/span><\/div><\/div><div class=\"m-team--member\"><div class=\"m-team--member-img ratio--1-1\"><img loading=\"lazy\" decoding=\"async\" width=\"598\" height=\"768\" src=\"https:\/\/apm-mallorca.com\/wp-content\/uploads\/APM_Team2024_2802-598x768.jpg\" class=\"rapm-portrait wp-post-image\" alt=\"\" srcset=\"https:\/\/apm-mallorca.com\/wp-content\/uploads\/APM_Team2024_2802-598x768.jpg 598w, https:\/\/apm-mallorca.com\/wp-content\/uploads\/APM_Team2024_2802-1496x1920.jpg 1496w, https:\/\/apm-mallorca.com\/wp-content\/uploads\/APM_Team2024_2802-768x986.jpg 768w, https:\/\/apm-mallorca.com\/wp-content\/uploads\/APM_Team2024_2802-1197x1536.jpg 1197w, https:\/\/apm-mallorca.com\/wp-content\/uploads\/APM_Team2024_2802-1596x2048.jpg 1596w, https:\/\/apm-mallorca.com\/wp-content\/uploads\/APM_Team2024_2802-390x500.jpg 390w, https:\/\/apm-mallorca.com\/wp-content\/uploads\/APM_Team2024_2802-798x1024.jpg 798w, https:\/\/apm-mallorca.com\/wp-content\/uploads\/APM_Team2024_2802-scaled.jpg 1995w\" sizes=\"auto, (max-width: 598px) 100vw, 598px\" \/><\/div><div class=\"m-team--member-data\"><span class=\"name\"><a href=\"mailto:lj@apm-mallorca.com\" title=\"Nachricht an Lena Joseph\">Lena Joseph<\/a><\/br><span class=\"title\">Marketing & Gesch\u00e4ftsentwicklung<\/span><\/span><\/div><\/div><\/div>\n\n\n\n<div style=\"height:20px\" aria-hidden=\"true\" class=\"wp-block-spacer\"><\/div>\n\n\n\n<div class=\"wp-block-buttons is-horizontal is-content-justification-center is-layout-flex wp-container-core-buttons-is-layout-499968f5 wp-block-buttons-is-layout-flex\">\n<div class=\"wp-block-button\"><a class=\"wp-block-button__link wp-element-button\" href=\"https:\/\/apm-mallorca.com\/de\/unternehmen\/team\/\">Das gesamte Team<\/a><\/div>\n<\/div>\n\n\n\n<div style=\"height:100px\" aria-hidden=\"true\" class=\"wp-block-spacer\"><\/div>\n<\/div><\/div>\n\n\n\n<div class=\"wp-block-media-text alignwide has-media-on-the-right is-stacked-on-mobile is-image-fill-element fullw my-0-i\"><div class=\"wp-block-media-text__content\">\n<div style=\"height:80px\" aria-hidden=\"true\" class=\"wp-block-spacer\"><\/div>\n\n\n\n<h2 class=\"wp-block-heading\">Karriere<\/h2>\n\n\n\n<p>Sie sind der Meinung, dass Sie gut in unser Team passen w\u00fcrden? Kontaktieren Sie uns gern und senden Sie uns Ihren Lebenslauf oder eine Initiativbewerbung.<\/p>\n\n\n\n<h6 class=\"wp-block-heading has-text-align-center\">Wir bieten Ihnen<\/h6>\n\n\n\n<p class=\"has-text-align-center\">Ein kreatives und professionelles Arbeitsumfeld mit spannenden und verantwortungsvollen Aufgaben in einem jungen und respektvollen Team.<\/p>\n\n\n\n<p class=\"has-text-align-center\">Einen hervorragend ausgestatteten Arbeitsplatz mit zahlreichen Annehmlichkeiten f\u00fcr das Team. <\/p>\n\n\n\n<p class=\"has-text-align-center\">CrossFit-Training mit einem Personal Trainer sowie t\u00e4glich frisch zubereitetes ausgewogenes Essen.<\/p>\n\n\n\n<div class=\"wp-block-buttons is-horizontal is-content-justification-center is-layout-flex wp-container-core-buttons-is-layout-499968f5 wp-block-buttons-is-layout-flex\">\n<div class=\"wp-block-button\"><a class=\"wp-block-button__link wp-element-button\" href=\"https:\/\/apm-mallorca.com\/de\/unternehmen\/karriere\/\">Jetzt bewerben<\/a><\/div>\n<\/div>\n\n\n\n<div style=\"height:80px\" aria-hidden=\"true\" class=\"wp-block-spacer\"><\/div>\n<\/div><figure class=\"wp-block-media-text__media\"><img loading=\"lazy\" decoding=\"async\" width=\"1024\" height=\"683\" src=\"https:\/\/apm-mallorca.com\/wp-content\/uploads\/apm-Mallorca-25-1024x683.jpg\" alt=\"\" class=\"wp-image-465 size-full\" style=\"object-position:55% 50%\" srcset=\"https:\/\/apm-mallorca.com\/wp-content\/uploads\/apm-Mallorca-25-1024x683.jpg 1024w, https:\/\/apm-mallorca.com\/wp-content\/uploads\/apm-Mallorca-25-768x512.jpg 768w, https:\/\/apm-mallorca.com\/wp-content\/uploads\/apm-Mallorca-25-1920x1280.jpg 1920w, https:\/\/apm-mallorca.com\/wp-content\/uploads\/apm-Mallorca-25-1536x1024.jpg 1536w, https:\/\/apm-mallorca.com\/wp-content\/uploads\/apm-Mallorca-25-2048x1366.jpg 2048w, https:\/\/apm-mallorca.com\/wp-content\/uploads\/apm-Mallorca-25-500x333.jpg 500w\" sizes=\"auto, (max-width: 1024px) 100vw, 1024px\" \/><\/figure><\/div>\n","protected":false},"excerpt":{"rendered":"<p>Team Wir sind f\u00fcr Sie da!<\/p>\n","protected":false},"author":1,"featured_media":5939,"parent":0,"menu_order":0,"comment_status":"closed","ping_status":"closed","template":"","meta":{"_acf_changed":false,"footnotes":""},"class_list":["post-156","page","type-page","status-publish","has-post-thumbnail","hentry"],"acf":[],"yoast_head":"<!-- This site is optimized with the Yoast SEO plugin v26.7 - https:\/\/yoast.com\/wordpress\/plugins\/seo\/ -->\n<title>Unternehmen - apm Mallorca<\/title>\n<meta name=\"robots\" content=\"index, follow, max-snippet:-1, max-image-preview:large, max-video-preview:-1\" \/>\n<link rel=\"canonical\" href=\"https:\/\/apm-mallorca.com\/de\/unternehmen\/\" \/>\n<meta property=\"og:locale\" content=\"de_DE\" \/>\n<meta property=\"og:type\" content=\"article\" \/>\n<meta property=\"og:title\" content=\"Unternehmen - apm Mallorca\" \/>\n<meta property=\"og:description\" content=\"Team Wir sind f\u00fcr Sie da!\" \/>\n<meta property=\"og:url\" content=\"https:\/\/apm-mallorca.com\/de\/unternehmen\/\" \/>\n<meta property=\"og:site_name\" content=\"apm Mallorca\" \/>\n<meta property=\"article:publisher\" content=\"https:\/\/de-de.facebook.com\/apm.mallorca\/\" \/>\n<meta property=\"article:modified_time\" content=\"2025-01-31T14:22:25+00:00\" \/>\n<meta property=\"og:image\" content=\"https:\/\/apm-mallorca.com\/wp-content\/uploads\/apm-Mallorca-21.jpg\" \/>\n\t<meta property=\"og:image:width\" content=\"2560\" \/>\n\t<meta property=\"og:image:height\" content=\"1709\" \/>\n\t<meta property=\"og:image:type\" content=\"image\/jpeg\" \/>\n<meta name=\"twitter:card\" content=\"summary_large_image\" \/>\n<meta name=\"twitter:label1\" content=\"Gesch\u00e4tzte Lesezeit\" \/>\n\t<meta name=\"twitter:data1\" content=\"2\u00a0Minuten\" \/>\n<script type=\"application\/ld+json\" class=\"yoast-schema-graph\">{\"@context\":\"https:\/\/schema.org\",\"@graph\":[{\"@type\":\"WebPage\",\"@id\":\"https:\/\/apm-mallorca.com\/de\/unternehmen\/\",\"url\":\"https:\/\/apm-mallorca.com\/de\/unternehmen\/\",\"name\":\"Unternehmen - apm Mallorca\",\"isPartOf\":{\"@id\":\"https:\/\/apm-mallorca.com\/de\/#website\"},\"primaryImageOfPage\":{\"@id\":\"https:\/\/apm-mallorca.com\/de\/unternehmen\/#primaryimage\"},\"image\":{\"@id\":\"https:\/\/apm-mallorca.com\/de\/unternehmen\/#primaryimage\"},\"thumbnailUrl\":\"https:\/\/apm-mallorca.com\/wp-content\/uploads\/APM_Goya_Lifestyle2023_DSC_4983-1-scaled.jpg\",\"datePublished\":\"2020-11-11T15:42:18+00:00\",\"dateModified\":\"2025-01-31T14:22:25+00:00\",\"breadcrumb\":{\"@id\":\"https:\/\/apm-mallorca.com\/de\/unternehmen\/#breadcrumb\"},\"inLanguage\":\"de\",\"potentialAction\":[{\"@type\":\"ReadAction\",\"target\":[\"https:\/\/apm-mallorca.com\/de\/unternehmen\/\"]}]},{\"@type\":\"ImageObject\",\"inLanguage\":\"de\",\"@id\":\"https:\/\/apm-mallorca.com\/de\/unternehmen\/#primaryimage\",\"url\":\"https:\/\/apm-mallorca.com\/wp-content\/uploads\/APM_Goya_Lifestyle2023_DSC_4983-1-scaled.jpg\",\"contentUrl\":\"https:\/\/apm-mallorca.com\/wp-content\/uploads\/APM_Goya_Lifestyle2023_DSC_4983-1-scaled.jpg\",\"width\":2560,\"height\":1709},{\"@type\":\"BreadcrumbList\",\"@id\":\"https:\/\/apm-mallorca.com\/de\/unternehmen\/#breadcrumb\",\"itemListElement\":[{\"@type\":\"ListItem\",\"position\":1,\"name\":\"Startseite\",\"item\":\"https:\/\/apm-mallorca.com\/de\/\"},{\"@type\":\"ListItem\",\"position\":2,\"name\":\"Unternehmen\"}]},{\"@type\":\"WebSite\",\"@id\":\"https:\/\/apm-mallorca.com\/de\/#website\",\"url\":\"https:\/\/apm-mallorca.com\/de\/\",\"name\":\"apm Mallorca\",\"description\":\"architecture personally managed\",\"publisher\":{\"@id\":\"https:\/\/apm-mallorca.com\/de\/#organization\"},\"potentialAction\":[{\"@type\":\"SearchAction\",\"target\":{\"@type\":\"EntryPoint\",\"urlTemplate\":\"https:\/\/apm-mallorca.com\/de\/?s={search_term_string}\"},\"query-input\":{\"@type\":\"PropertyValueSpecification\",\"valueRequired\":true,\"valueName\":\"search_term_string\"}}],\"inLanguage\":\"de\"},{\"@type\":\"Organization\",\"@id\":\"https:\/\/apm-mallorca.com\/de\/#organization\",\"name\":\"APM Mallorca\",\"url\":\"https:\/\/apm-mallorca.com\/de\/\",\"logo\":{\"@type\":\"ImageObject\",\"inLanguage\":\"de\",\"@id\":\"https:\/\/apm-mallorca.com\/de\/#\/schema\/logo\/image\/\",\"url\":\"https:\/\/apm-mallorca.com\/wp-content\/uploads\/logo.png\",\"contentUrl\":\"https:\/\/apm-mallorca.com\/wp-content\/uploads\/logo.png\",\"width\":987,\"height\":315,\"caption\":\"APM Mallorca\"},\"image\":{\"@id\":\"https:\/\/apm-mallorca.com\/de\/#\/schema\/logo\/image\/\"},\"sameAs\":[\"https:\/\/de-de.facebook.com\/apm.mallorca\/\",\"https:\/\/www.instagram.com\/apm.mallorca\/\"]}]}<\/script>\n<!-- \/ Yoast SEO plugin. -->","yoast_head_json":{"title":"Unternehmen - apm Mallorca","robots":{"index":"index","follow":"follow","max-snippet":"max-snippet:-1","max-image-preview":"max-image-preview:large","max-video-preview":"max-video-preview:-1"},"canonical":"https:\/\/apm-mallorca.com\/de\/unternehmen\/","og_locale":"de_DE","og_type":"article","og_title":"Unternehmen - apm Mallorca","og_description":"Team Wir sind f\u00fcr Sie da!","og_url":"https:\/\/apm-mallorca.com\/de\/unternehmen\/","og_site_name":"apm Mallorca","article_publisher":"https:\/\/de-de.facebook.com\/apm.mallorca\/","article_modified_time":"2025-01-31T14:22:25+00:00","og_image":[{"width":2560,"height":1709,"url":"https:\/\/apm-mallorca.com\/wp-content\/uploads\/apm-Mallorca-21.jpg","type":"image\/jpeg"}],"twitter_card":"summary_large_image","twitter_misc":{"Gesch\u00e4tzte Lesezeit":"2\u00a0Minuten"},"schema":{"@context":"https:\/\/schema.org","@graph":[{"@type":"WebPage","@id":"https:\/\/apm-mallorca.com\/de\/unternehmen\/","url":"https:\/\/apm-mallorca.com\/de\/unternehmen\/","name":"Unternehmen - apm Mallorca","isPartOf":{"@id":"https:\/\/apm-mallorca.com\/de\/#website"},"primaryImageOfPage":{"@id":"https:\/\/apm-mallorca.com\/de\/unternehmen\/#primaryimage"},"image":{"@id":"https:\/\/apm-mallorca.com\/de\/unternehmen\/#primaryimage"},"thumbnailUrl":"https:\/\/apm-mallorca.com\/wp-content\/uploads\/APM_Goya_Lifestyle2023_DSC_4983-1-scaled.jpg","datePublished":"2020-11-11T15:42:18+00:00","dateModified":"2025-01-31T14:22:25+00:00","breadcrumb":{"@id":"https:\/\/apm-mallorca.com\/de\/unternehmen\/#breadcrumb"},"inLanguage":"de","potentialAction":[{"@type":"ReadAction","target":["https:\/\/apm-mallorca.com\/de\/unternehmen\/"]}]},{"@type":"ImageObject","inLanguage":"de","@id":"https:\/\/apm-mallorca.com\/de\/unternehmen\/#primaryimage","url":"https:\/\/apm-mallorca.com\/wp-content\/uploads\/APM_Goya_Lifestyle2023_DSC_4983-1-scaled.jpg","contentUrl":"https:\/\/apm-mallorca.com\/wp-content\/uploads\/APM_Goya_Lifestyle2023_DSC_4983-1-scaled.jpg","width":2560,"height":1709},{"@type":"BreadcrumbList","@id":"https:\/\/apm-mallorca.com\/de\/unternehmen\/#breadcrumb","itemListElement":[{"@type":"ListItem","position":1,"name":"Startseite","item":"https:\/\/apm-mallorca.com\/de\/"},{"@type":"ListItem","position":2,"name":"Unternehmen"}]},{"@type":"WebSite","@id":"https:\/\/apm-mallorca.com\/de\/#website","url":"https:\/\/apm-mallorca.com\/de\/","name":"apm Mallorca","description":"architecture personally managed","publisher":{"@id":"https:\/\/apm-mallorca.com\/de\/#organization"},"potentialAction":[{"@type":"SearchAction","target":{"@type":"EntryPoint","urlTemplate":"https:\/\/apm-mallorca.com\/de\/?s={search_term_string}"},"query-input":{"@type":"PropertyValueSpecification","valueRequired":true,"valueName":"search_term_string"}}],"inLanguage":"de"},{"@type":"Organization","@id":"https:\/\/apm-mallorca.com\/de\/#organization","name":"APM Mallorca","url":"https:\/\/apm-mallorca.com\/de\/","logo":{"@type":"ImageObject","inLanguage":"de","@id":"https:\/\/apm-mallorca.com\/de\/#\/schema\/logo\/image\/","url":"https:\/\/apm-mallorca.com\/wp-content\/uploads\/logo.png","contentUrl":"https:\/\/apm-mallorca.com\/wp-content\/uploads\/logo.png","width":987,"height":315,"caption":"APM Mallorca"},"image":{"@id":"https:\/\/apm-mallorca.com\/de\/#\/schema\/logo\/image\/"},"sameAs":["https:\/\/de-de.facebook.com\/apm.mallorca\/","https:\/\/www.instagram.com\/apm.mallorca\/"]}]}},"_links":{"self":[{"href":"https:\/\/apm-mallorca.com\/de\/wp-json\/wp\/v2\/pages\/156","targetHints":{"allow":["GET"]}}],"collection":[{"href":"https:\/\/apm-mallorca.com\/de\/wp-json\/wp\/v2\/pages"}],"about":[{"href":"https:\/\/apm-mallorca.com\/de\/wp-json\/wp\/v2\/types\/page"}],"author":[{"embeddable":true,"href":"https:\/\/apm-mallorca.com\/de\/wp-json\/wp\/v2\/users\/1"}],"replies":[{"embeddable":true,"href":"https:\/\/apm-mallorca.com\/de\/wp-json\/wp\/v2\/comments?post=156"}],"version-history":[{"count":0,"href":"https:\/\/apm-mallorca.com\/de\/wp-json\/wp\/v2\/pages\/156\/revisions"}],"wp:featuredmedia":[{"embeddable":true,"href":"https:\/\/apm-mallorca.com\/de\/wp-json\/wp\/v2\/media\/5939"}],"wp:attachment":[{"href":"https:\/\/apm-mallorca.com\/de\/wp-json\/wp\/v2\/media?parent=156"}],"curies":[{"name":"wp","href":"https:\/\/api.w.org\/{rel}","templated":true}]}}